{"id":58,"date":"2018-05-10T14:22:55","date_gmt":"2018-05-10T14:22:55","guid":{"rendered":"https:\/\/www.fiabaedisfiaba.it\/?page_id=58"},"modified":"2018-05-10T14:22:55","modified_gmt":"2018-05-10T14:22:55","slug":"regolamento","status":"publish","type":"page","link":"https:\/\/disfabia.luleonlus.it\/?page_id=58","title":{"rendered":"Regolamento del concorso letterario per giovani autori"},"content":{"rendered":"<h1 style=\"text-align: center;\"><span style=\"color: #ff0000;\">\u00c8 scaduto il termine per l&#8217;invio dei progetti.<\/span><\/h1>\n<hr \/>\n<p style=\"text-align: justify;\">Il progetto \u201c<strong><em>FIABA E DISFIABA \u2013\u00a0<\/em><\/strong><em>Pagine al Sole presenta un concorso letterario, laboratori ed una rassegna di eventi per sviluppare e raccontare, in forma di fiaba, il tema dell\u2019inclusione sociale delle persone con disabilit\u00e0<\/em>\u201d promosso da <em>La Memoria Del Mondo Libreria Editrice<\/em>, <em>Cooperativa Lule<\/em> e <em>Openmind<\/em> nell\u2019ambito del <em>Festival dell\u2019editoria indipendente Pagine al Sole 2018<\/em> e con il sostegno di MiBACT e di SIAE, nell&#8217;ambito dell&#8217;iniziativa &#8220;Sillumina &#8211; Copia privata per i giovani, per la cultura (Ed. 2017)\u201d <span style=\"color: #339966;\"><strong>vuole promuovere<\/strong><\/span> le potenzialit\u00e0 di scrittura dei giovani autori, quale strumento di coesione e inclusione sociale con particolare riferimento alle tematiche legate alla disabilit\u00e0.<\/p>\n<p style=\"text-align: justify;\">Il progetto &#8220;<strong><em>FIABA E DISFIABA<\/em><\/strong>\u201d mira infatti, a livello nazionale, a valorizzare il talento culturale e creativo dei giovani artisti che si misurano nel campo specifico della scrittura di testi per l\u2019infanzia ed i ragazzi, con un genere letterario un po\u2019 dimenticato ma ad alto valore formativo quale la fiaba. Il progetto promuove la valorizzazione delle pluralit\u00e0 e delle diversit\u00e0 cos\u00ec come l\u2019inclusione e la coesione sociale all\u2019interno delle periferie urbane con specifica attenzione al tema della disabilit\u00e0 partendo dal contesto urbano di riferimento dei promotori (territori del Magentino e Castanese, Provincia Ovest di Milano).<\/p>\n<h3 style=\"text-align: justify;\">1. IL TEMA<\/h3>\n<p style=\"text-align: justify;\">Nello specifico, il progetto promuove la produzione di fiabe illustrate che propongano una lettura\u00a0alternativa e lontana dagli stereotipi della disabilit\u00e0, attraverso l\u2019organizzazione di un concorso letterario a <strong>carattere nazionale<\/strong> e <strong>gratuito<\/strong> rivolto a giovani artisti \u201cunder 35\u201d che si inserisce all\u2019interno di <em>Pagine al Sole &#8211; Festival dell\u2019editoria indipendente<\/em>. Ogni fiaba (immaginata per \u201clettori di ogni et\u00e0\u201d) dovr\u00e0 essere accompagnata da un\u2019illustrazione che traduca in immagini il testo proposto e che potr\u00e0 essere realizzata dall\u2019autore stesso o da diversa persona.<\/p>\n<p style=\"text-align: justify;\">Per quanto riguarda <strong>l\u2019oggetto delle fiabe<\/strong> candidate all\u2019interno del concorso,\u00a0FIABA E DISFIABA<strong>\u00a0<\/strong>promuove la produzione di opere che affrontino il tema della<strong>\u00a0<\/strong>disabilit\u00e0, termine da intendersi nel senso pi\u00f9 ampio possibile, ovvero come qualsiasi impedimento e condizione, psicologica o fisica, temporanea o permanente, che limiti la capacit\u00e0 di compiere le attivit\u00e0 fondamentali della vita quotidiana\u00a0e ponga barriere nel rapporto con l\u2019ambiente sociale circostante.<\/p>\n<h3 style=\"text-align: justify;\">2. PARTECIPAZIONE<\/h3>\n<p style=\"text-align: justify;\">La partecipazione al concorso \u00e8 <span style=\"color: #339966;\"><strong>gratuita<\/strong><\/span> ed aperta ad <strong><span style=\"color: #339966;\">autori e illustratori di et\u00e0 compresa tra i 16 ed i 35 anni<\/span><\/strong> e <span style=\"color: #339966;\"><strong>residenti in Italia<\/strong><\/span> (inclusi i soggetti di nazionalit\u00e0 non italiana), ove per \u201cautori e illustratori di et\u00e0 non superiore ai 35 anni\u201d si intendono persone che non abbiano ancora compiuto 36 anni alla data di presentazione del presente bando, ovvero il 15-05-2018 e ove per \u201cautori e illustratori di et\u00e0 superiore ai 16 anni\u201d si intendono persone che abbiano compiuto 16 anni entro la data di presentazione del presente bando, ovvero il 15-05-2018 (per la <strong><span style=\"color: #339966;\">partecipazione dei minori<\/span><\/strong> \u00e8 necessario caricare, in sede di presentazione del progetto, la liberatoria firmata da un genitore &#8211;&gt; <a href=\"https:\/\/disfabia.luleonlus.it\/wp-content\/uploads\/2018\/06\/Liberatoria-partecipazione-minori-concorso-Fiaba-e-DisFiaba.pdf\" target=\"_blank\" rel=\"noopener\">link<\/a>)<\/p>\n<p style=\"text-align: justify;\">Per partecipare \u00e8 necessario accedere sul sito <a href=\"https:\/\/disfabia.luleonlus.it\/\" target=\"_blank\" rel=\"noopener\">disfabia.luleonlus.it\/<\/a>, compilare il form con i propri dati anagrafici e procedere infine al caricamento del proprio progetto e degli allegati richiesti attraverso l\u2019area dedicata alla presentazione di elaborati.<\/p>\n<p style=\"text-align: justify;\">Si ricorda che ogni opera dovr\u00e0 risultare <strong>nella piena disponibilit\u00e0 da parte dell\u2019autore<\/strong> ed ogni autore, partecipando all&#8217;iniziativa, accetta il presente regolamento e si assume ogni responsabilit\u00e0, sollevando <em>La Memoria Del Mondo Libreria Editrice<\/em> e lo staff del progetto \u201cFIABA E DISFIABA<strong>\u00a0<\/strong>\u201d da ogni funzione di controllo, peraltro impossibile, al riguardo.<\/p>\n<h3 style=\"text-align: justify;\">3. CARATTERISTICHE DEGLI ELEBORATI<\/h3>\n<p style=\"text-align: justify;\">I progetti dovranno essere costituiti da <span style=\"color: #339966;\">UN ELABORATO TESTUALE<\/span> (Fiaba) e <span style=\"color: #339966;\">UNA ILLUSTRAZIONE<\/span> aventi le seguenti caratteristiche:<\/p>\n<p style=\"text-align: justify;\">ELABORATO TESTUALE (Fiaba)<\/p>\n<ul style=\"text-align: justify;\">\n<li>scrittura in Word, formato .doc o .docx e .pdf<\/li>\n<li>non pi\u00f9 di 5500 battute\/caratteri (spazi inclusi)<\/li>\n<li>Inedito<\/li>\n<li>Scritto in lingua italiana<\/li>\n<\/ul>\n<p style=\"text-align: justify;\">ILLUSTRAZIONE (nel numero di <strong>1<\/strong>)<\/p>\n<ul style=\"text-align: justify;\">\n<li>L\u2019illustrazione pu\u00f2 avere la forma di un\u00a0<a href=\"https:\/\/it.wikipedia.org\/wiki\/Disegno\">disegno<\/a>, di un\u00a0<a href=\"https:\/\/it.wikipedia.org\/wiki\/Dipinto\">dipinto<\/a> oppure pu\u00f2 essere un progetto grafico realizzato con programmi di elaborazione di immagini o infine con altra tecnica manuale. <strong>Non pu\u00f2 essere<\/strong> una semplice fotografia.<\/li>\n<li>Deve essere una illustrazione grafica (no fotografia\/immagine)<\/li>\n<li>Dimensione massima 4mb, formato .jpg , conversione colore CYMK<\/li>\n<li>In formato 1:1 oppure 3:4 (verticale)<\/li>\n<li>Inedita \/ mai inserita in opera a stampa<\/li>\n<li>Singola<\/li>\n<\/ul>\n<h3 style=\"text-align: justify;\">4. MODALITA\u2019 e TEMPISTICHE PER L\u2019INVIO DEL PROGETTO<\/h3>\n<p style=\"text-align: justify;\">ELABORATO TESTUALE ED ILLUSTRAZIONE dovranno essere caricate UNICAMENTE sul sito dedicato <a href=\"https:\/\/disfabia.luleonlus.it\/\">disfabia.luleonlus.it\/<\/a> a partire dal 15 maggio 2018 fino alla <span style=\"color: #339966;\"><strong>mezzanotte del 6 settembre<\/strong><\/span> 2018<\/p>\n<p style=\"text-align: justify;\">Per portare a termine con successo la fase di caricamento dei file <strong>dovranno essere indicati<\/strong>, attraverso la compilazione del form online dedicato:<\/p>\n<ul style=\"text-align: justify;\">\n<li>Anagrafica dei partecipanti<\/li>\n<li>Titolo del progetto (massimo 100 battute)<\/li>\n<li>Sinossi del progetto (massimo 600 battute)<\/li>\n<\/ul>\n<p style=\"text-align: justify;\">Andranno successivamente caricati:<\/p>\n<ul style=\"text-align: justify;\">\n<li>Elaborato testuale<\/li>\n<li>Illustrazione<\/li>\n<li>Documenti di identit\u00e0 in corso di validit\u00e0 comprovanti l\u2019et\u00e0 anagrafica dei partecipanti (vedi punto 2)<\/li>\n<li>Liberatoria compilata e firmata dai genitori in caso uno o entrambi i partecipanti siano minorenni (il modulo sar\u00e0 scaricabile dal sito stesso)<\/li>\n<\/ul>\n<p style=\"text-align: justify;\">Eventuali elaborati non conformi a quanto previsto dal presente regolamento non saranno ammessi al concorso.<\/p>\n<p style=\"text-align: justify;\">Ogni autore <span style=\"text-decoration: underline;\">di testi<\/span> pu\u00f2 partecipare con un solo progetto.<\/p>\n<h3 style=\"text-align: justify;\">5. PREMI ED EVENTO DI PREMIAZIONE<\/h3>\n<p style=\"text-align: justify;\">I primi 20 progetti classificati verranno inseriti e pubblicati in una raccolta antologica dal titolo \u201cFIABE E DISFIABE\u201d che sar\u00e0 presentata a Dicembre a Cuggiono (MI) mentre la premiazione avverr\u00e0 sempre a Cuggiono il 23 Febbraio 2019.<\/p>\n<p style=\"text-align: justify;\">Gli autori (scrittore e illustratore) dei 20 progetti finalisti, riceveranno durante la serata di premiazione o successivamente, in caso di mancata presenze, 4 copie gratuite (a testa) della raccolta antologica \u201cFIABE E DISFIABE\u201d.<\/p>\n<p style=\"text-align: justify;\">Tra i 20 finalisti saranno scelti i primi 3 progetti premiati, destinatari di un <strong><span style=\"color: #339966;\">riconoscimento in denaro<\/span>:<\/strong><\/p>\n<p style=\"text-align: justify; padding-left: 30px;\"><span style=\"color: #339966;\"><strong>1\u00b0 classificato \u20ac 500<\/strong><\/span><\/p>\n<p style=\"text-align: justify; padding-left: 30px;\"><span style=\"color: #339966;\"><strong>2\u00b0 classificato \u20ac 300<\/strong><\/span><\/p>\n<p style=\"text-align: justify; padding-left: 30px;\"><span style=\"color: #339966;\"><strong>3\u00b0 classificato \u20ac 200<\/strong><\/span><\/p>\n<p style=\"text-align: justify;\">I premi in denaro non ritirati personalmente durante la premiazione, rimarranno a disposizione dei vincitori presso la sede del Premio fino al 31 marzo 2019.<\/p>\n<p style=\"text-align: justify;\">Si segnala infine che durante l\u2019evento di premiazione i testi selezionati saranno presentati al pubblico grazie al coinvolgimento di attori\/musicisti.<\/p>\n<p style=\"text-align: justify;\"><span style=\"color: #339966;\"><strong>Ulteriore riconoscimento<\/strong><\/span> per le prime cinque coppie (autore e illustratore) di premiati sar\u00e0 l\u2019invito a partecipare ad un week end intensivo e residenziale di scrittura creativa (23\/24 Febbraio 2019). Presso una struttura polivalente del Magentino, saranno quindi ospitati gli artisti selezionati per usufruire, gratuitamente, di un corso avanzato e di perfezionamento di scrittura creativa erogato da un esperto del settore. A questo sar\u00e0 affiancato un modulo di lettura animata per sviluppare le competenze di presentazione ed autopromozione degli scrittori. Si prevede di terminare questa esperienza formativa con l\u2019organizzazione, presso la stessa location, di una lettura animata pubblica dei testi dell\u2019antologia accompagnati dalla presentazione delle opere prodotte dagli stessi autori all\u2019interno del laboratorio. Per la partecipazione, gli unici costi a carico dei partecipanti, saranno quelli di viaggio. Come segnalato, i posti disponibili sono 10 in totale. Nel caso di rifiuto da parte dei selezionati, lo staff del progetto \u201cFIABA E DISFIABA<strong>\u00a0<\/strong>\u201d si riserva di procedere a propria discrezione selezionando i partecipanti mancanti tra i restanti finalisti.<\/p>\n<p style=\"text-align: justify;\">Gli autori, partecipando al concorso, autorizzano la pubblicazione della loro opera all\u2019interno dell\u2019antologia \u201cFIABE E DISFIABE\u201d liberando gli organizzatori e l\u2019editore da qualsiasi pretesa di natura economica o giuridica.<\/p>\n<p style=\"text-align: justify;\">I partecipanti accettano senza condizioni il presente regolamento.<\/p>\n<h3 style=\"text-align: justify;\">6. LA GIURIA<\/h3>\n<p style=\"text-align: justify;\">La giuria, composta da professionisti competenti (autori; illustratori; figure del mondo dell\u2019editoria e del circuito bibliotecario; professionisti attivi nel terzo settore e, nello specifico, all\u2019interno dei servizi a favore delle persone con disabilit\u00e0) valuter\u00e0 i lavori ricevuti, nel rispetto delle caratteristiche tecniche indicate, secondo criteri di attinenza e rappresentazione del tema proposto, qualit\u00e0 tecnica ed originalit\u00e0 di elaborato testuale e immagine, omogeneit\u00e0 della proposta.<\/p>\n<p style=\"text-align: justify;\">Tra le 20 opere che verranno selezionate dalla giuria tecnica, una \u201cgiuria popolare\u201d formata dagli studenti delle scuole medie del territorio Castanese\/Magentino e da persone con disabilit\u00e0 utenti dei servizi gestiti dalla rete di enti del Castanese, sceglier\u00e0 l\u2019illustrazione di copertina.<\/p>\n<p style=\"text-align: justify;\">Il giudizio della giuria \u00e8 insindacabile<\/p>\n<h3 style=\"text-align: justify;\">7. SELEZIONE DEI FINALISTI, COMUNICAZIONE DEI RISULTATI ED OBBLIGHI PER I FINALISTI<\/h3>\n<p style=\"text-align: justify;\">Le <span style=\"color: #339966;\">20 opere finaliste<\/span> saranno indicate sul sito <a href=\"https:\/\/disfabia.luleonlus.it\/\">disfabia.luleonlus.it\/<\/a> entro il 31 ottobre mentre i 3 componimenti vincitori del premio in denaro (primi tre classificati) e i 5 componimenti vincitori dell\u2019invito a partecipare al week end intensivo e residenziale di scrittura creativa saranno comunicati solamente durante la cerimonia di Premiazione.<\/p>\n<p style=\"text-align: justify;\">Una volta comunicato l\u2019elenco dei finalisti, i 20 concorrenti selezionati per la fase finale e per la pubblicazione all\u2019interno dell\u2019antologia \u201cFIABE E DISFIABE\u201d <span style=\"color: #339966;\"><strong><u>dovranno produrre<\/u><\/strong><\/span> e inviare agli organizzatori un breve video di presentazione del proprio elaborato, in cui, al di l\u00e0 di una veloce presentazione dell\u2019elaborato, l\u2019autore (o chi per lui, under35) legger\u00e0 la fiaba nella sua interezza. I video saranno utilizzati e proiettati dagli organizzatori in occasione dell\u2019evento di premiazione e degli eventi pubblici di presentazione e promozione dell\u2019antologia.<\/p>\n<h3 style=\"text-align: justify;\">8. PUBBLICAZIONE DELLE OPERE E ATTIVITA\u2019 DI PROMOZIONE E PRESENTAZIONE DELLA ANTOLOGIA \u201cFIABE E DISFIABE\u201d<\/h3>\n<p style=\"text-align: justify;\">Come indicato, gli autori, partecipando al concorso, autorizzano la pubblicazione della loro opera all\u2019interno dell\u2019antologia \u201cFIABE E DISFIABE\u201d liberando gli organizzatori e l\u2019editore da qualsiasi pretesa di natura economica o giuridica.<\/p>\n<p style=\"text-align: justify;\">L\u2019antologia \u201cFIABE E DISFIABE\u201d sar\u00e0 pubblicata in due versioni curate dalle Edizioni \u201cLa Memoria del mondo\u201d: una cartacea, comprendente le 20 opere finaliste del concorso, accompagnate dalle relative illustrazioni (con un\u2019appendice che presenter\u00e0 il migliore elaborato del concorso di fiabe promosso da Cooperativa Lule Onlus all\u2019interno delle scuole medie del territorio all\u2019interno del progetto <em>Un viaggio dentro la fiaba per incontrare eroi super-abili <\/em>finanziato da Fondazione Ticino Olona e i cui risultati saranno presentati sempre in occasione di Pagine al Sole 2018) ed una edizione PDF ed ebook. Tutti i formati dell\u2019antologia utilizzeranno il dyslexic font creato appositamente per le persone con dislessia per migliorare la leggibilit\u00e0 dei testi. Le versioni digitali saranno realizzate da OpenMind Digital productions. Su tutte le copie cartacee prodotte sar\u00f2 apposto il contrassegno SIAE.<\/p>\n<p style=\"text-align: justify;\">Il ricavato netto della vendita delle copie dell\u2019antologia non omaggiate, andr\u00e0 completamente a sostegno del progetto <em>Un viaggio dentro la fiaba per incontrare eroi super-abili<\/em>, promosso da Cooperativa Lule e da tutta la rete di enti attivi sul territorio castanese\/magentino a favore delle persone con disabilit\u00e0.<\/p>\n<p style=\"text-align: justify;\">Successivamente all\u2019evento di premiazione e una volta pubblicata la raccolta \u201cFIABE E DISFIABE\u201d, prender\u00e0 avvio un\u2019attivit\u00e0 di presentazione e promozione dell\u2019antologia con reading teatralizzato e coinvolgimento degli autori finalisti sia tramite presenza dal vivo che tramite proiezione dei loro brevi video di presentazione. Gli eventi, che vedranno la presenza di un conduttore\/presentatore e di una coppia di lettori\/attori, saranno accompagnati da laboratori di scrittura creativa per bambini focalizzati sul format disfiabe. In queste occasioni saranno messi in vendita copie dell\u2019antologia, mentre alcune copie saranno donate alle biblioteche ospitanti e alle altre biblioteche del circuito Fondazione per Leggere.<\/p>\n<h3 style=\"text-align: justify;\">9. CLAUSOLE<\/h3>\n<p style=\"text-align: justify;\">Gli autori autorizzano implicitamente, all\u2019atto dell\u2019iscrizione, l\u2019uso e la diffusione della propria opera per la promozione del concorso FIABA E DISFIABA e della antologia <strong>\u201cFIABE E DISFIABE\u201d<\/strong>.<\/p>\n<p style=\"text-align: justify;\">L\u2019ammissione al concorso implica la cessione, senza controparte, dei diritti di riproduzione dell\u2019illustrazione e dei testi ricevuti sia destinati alla pubblicazione dell\u2019antologia sia destinati alla promozione del concorso su stampa, televisione e web per anni tre dalla data di chiusura del presente bando.<\/p>\n<p style=\"text-align: justify;\">Eventuale materiale inviato non sar\u00e0 restituito e rester\u00e0 a disposizione degli organizzatori per l\u2019utilizzo a fini educativi e promozionali (comunque consentiti dalla legge e subordinati al parere degli autori).<\/p>\n<p style=\"text-align: justify;\">L\u2019ammissione al concorso implica infatti l&#8217;accettazione dell\u2019utilizzo, della pubblicazione e della diffusione della propria opera sia in luoghi pubblici che privati con ogni mezzo attualmente conosciuto (a mero titolo esemplificativo: tv, radio, internet, telecomunicazioni, sistemi analogici e\/o digitali, on line e off line) o che verr\u00e0 inventato in futuro, in tutto il mondo, sia unitamente al contest FIABA E DISFIABA (anche al fine di attivit\u00e0 di comunicazione e promozione dell\u2019evento delle edizioni successive) sia collegata a future attivit\u00e0 degli organizzatori a favore della propria utenza. Tutto ci\u00f2 senza ricevere e\/o pretendere alcun corrispettivo a proprio favore, essendo ogni pretesa dell\u2019utente soddisfatta dall\u2019opportunit\u00e0 di partecipare. Inoltre, le opere inviate, potranno circolare sui principali social network anche tramite i link pubblicati in home page del sito <a href=\"https:\/\/disfabia.luleonlus.it\/\">disfabia.luleonlus.it\/<\/a> o dei siti degli organizzatori.<\/p>\n<p style=\"text-align: justify;\">Con l&#8217;iscrizione al concorso FIABA E DISFIABA, ogni singolo autore risponder\u00e0 del contenuto delle opere inviate, dichiarando di aver assolto tutti i diritti d&#8217;autore verso terzi e conceder\u00e0 esplicita autorizzazione all&#8217;uso di esse.<\/p>\n<p style=\"text-align: justify;\">Il sottoscrittore si fa carico della veridicit\u00e0 dei dati contenuti che, in caso di selezione, verranno utilizzati nei materiali di promozione e comunicazione del concorso (raccolta, sito internet, comunicazioni alla stampa, etc.).<\/p>\n<h3 style=\"text-align: justify;\">10. MANLEVA<\/h3>\n<p style=\"text-align: justify;\">Con l\u2019iscrizione dell&#8217;opera al concorso FIABA E DISFIABA, i titolari dei diritti manlevano i soggetti organizzatori da qualsiasi responsabilit\u00e0 in ordine all\u2019utilizzo dell&#8217;opera, garantendo di avere il diritto di procedere all&#8217;iscrizione e di rispondere ai requisiti di partecipazione al concorso.<\/p>\n<h3 style=\"text-align: justify;\">11. PRIVACY o artt. 13 e 14 del GDPR &#8211;\u00a0Regolamento UE 2016\/679<\/h3>\n<p style=\"text-align: center;\"><strong><span style=\"color: #800000;\">In fase di aggiornamento alla luce del nuovo\u00a0gdpr privacy 2018<\/span><\/strong><\/p>\n<p style=\"text-align: justify;\">Il presente regolamento \u00e8 parte integrante del modulo di iscrizione e viene sottoscritto unitamente ad esso. Si informa che in conformit\u00e0 a quanto deliberato dalla legislazione italiana vigente sul trattamento dei dati nel rispetto della privacy (D.L.gs 196\/03) nonch\u00e9 dal General Data Protection Regulation (artt. 13 e 14 del GDPR &#8211;\u00a0Regolamento UE 2016\/679), i dati personali forniti dai concorrenti con la compilazione della scheda di iscrizione, raccolti e trattati con strumenti informatici, saranno utilizzati per individuare i vincitori e per identi\ufb01care gli autori dei progetti nelle varie occasioni in cui queste saranno esposti o pubblicati e per le comunicazioni relative al contest stesso. Il conferimento dei dati ed il consenso al relativo trattamento sono condizioni necessarie per la partecipazione al contest. \u00abResponsabile del trattamento dei dati personali \u00e8 LA MEMORIA DEL MONDO LIBRERIA EDITRICE SNC \u2013 Via Garibaldi 51 \u2013 20013 Magenta\u00a0 (Mi), nella persona del legale rappresentante Luca Malini. Potete consultare la nostra <strong>Privacy e Cookie Policy<\/strong> al seguente <a href=\"https:\/\/disfabia.luleonlus.it\/privacy-e-cookie-policy\/\" target=\"_blank\" rel=\"noopener\">link<\/a>.<\/p>\n<h3 style=\"text-align: justify;\">12. MODIFICHE AL REGOLAMENTO<\/h3>\n<p style=\"text-align: justify;\">Gli organizzatori si riservano di apportare modi\ufb01che al presente regolamento se volte ad una migliore realizzazione del Contest. Tali modi\ufb01che saranno puntualmente segnalate sul sito <a href=\"https:\/\/disfabia.luleonlus.it\/\">disfabia.luleonlus.it\/<\/a><\/p>\n<h3 style=\"text-align: justify;\">13. ACCETTAZIONE DEL REGOLAMENTO E DELLE SUE CONDIZIONI<\/h3>\n<p style=\"text-align: justify;\">La partecipazione al contest implica l\u2019accettazione incondizionata delle norme contenute nel presente regolamento.<\/p>\n<h3 style=\"text-align: justify;\">14. CONTROVERSIE<\/h3>\n<p style=\"text-align: justify;\">In caso di controversie \u00e8 competente il Tribunale di Milano<\/p>\n<p style=\"text-align: justify;\">E\u2019 possibile richiedere maggiori informazioni scrivendo un\u2019email all&#8217;indirizzo <a href=\"mailto:contest@fiabaedisfiaba.it\" target=\"_blank\" rel=\"noopener\">contest@fiabaedisfiaba.it<\/a> oppure utilizzando la sezione <a href=\"https:\/\/disfabia.luleonlus.it\/faq\/\">FAQ<\/a> del sito<\/p>\n<p style=\"text-align: justify;\">Per maggiori informazioni sulla attivit\u00e0 e finalit\u00e0 degli enti promotori:<\/p>\n<p style=\"text-align: justify;\"><a href=\"http:\/\/www.paginealsole.it\">www.paginealsole.it<\/a><\/p>\n<p style=\"text-align: justify;\"><a href=\"http:\/\/www.memoriadelmondo.it\">www.memoriadelmondo.it<\/a><\/p>\n<p><a href=\"http:\/\/www.lamemoriadelmondo.it\" target=\"_blank\" rel=\"noopener\">www.lamemoriadelmondo.it<\/a><\/p>\n<p style=\"text-align: justify;\"><a href=\"http:\/\/www.luleonlus.it\">www.luleonlus.it<\/a><\/p>\n<p style=\"text-align: justify;\"><a href=\"http:\/\/www.openmind-digital.it\">www.openmind-digital.it<\/a><\/p>\n<p>&nbsp;<\/p>\n<p style=\"text-align: center;\">\u00a0 \u00a0 \u00a0\u00a0<img loading=\"lazy\" decoding=\"async\" class=\"alignnone size-full wp-image-252\" src=\"https:\/\/disfabia.luleonlus.it\/wp-content\/uploads\/2018\/05\/if_Download-Computer_379337-e1527780835809.png\" alt=\"\" width=\"75\" height=\"75\" \/><a href=\"https:\/\/disfabia.luleonlus.it\/wp-content\/uploads\/2018\/08\/Regolamento-concorso-Fiaba-e-DisFiaba.pdf\" target=\"_blank\" rel=\"noopener\"><strong>Scarica il regolamento<\/strong><\/a><\/p>\n<p><img loading=\"lazy\" decoding=\"async\" class=\"aligncenter wp-image-61\" src=\"https:\/\/disfabia.luleonlus.it\/wp-content\/uploads\/2018\/05\/loghi_siae2-1.png\" alt=\"\" width=\"500\" height=\"129\" srcset=\"https:\/\/disfabia.luleonlus.it\/wp-content\/uploads\/2018\/05\/loghi_siae2-1.png 1000w, https:\/\/disfabia.luleonlus.it\/wp-content\/uploads\/2018\/05\/loghi_siae2-1-300x77.png 300w, https:\/\/disfabia.luleonlus.it\/wp-content\/uploads\/2018\/05\/loghi_siae2-1-768x198.png 768w\" sizes=\"auto, (max-width: 500px) 100vw, 500px\" \/><\/p>\n","protected":false},"excerpt":{"rendered":"<p>\u00c8 scaduto il termine per l&#8217;invio dei progetti. Il progetto \u201cFIABA E DISFIABA \u2013\u00a0Pagine al Sole presenta un concorso letterario, laboratori ed una rassegna di eventi per sviluppare e raccontare, in forma di fiaba, il tema dell\u2019inclusione sociale delle persone con disabilit\u00e0\u201d promosso da La Memoria Del Mondo Libreria Editrice, Cooperativa Lule e Openmind nell\u2019ambito &hellip; <\/p>\n<p class=\"link-more\"><a href=\"https:\/\/disfabia.luleonlus.it\/?page_id=58\" class=\"more-link\">Continue reading<span class=\"screen-reader-text\"> &#8220;Regolamento del concorso letterario per giovani autori&#8221;<\/span><\/a><\/p>\n","protected":false},"author":1,"featured_media":0,"parent":0,"menu_order":0,"comment_status":"closed","ping_status":"closed","template":"","meta":{"footnotes":""},"class_list":["post-58","page","type-page","status-publish","hentry"],"_links":{"self":[{"href":"https:\/\/disfabia.luleonlus.it\/index.php?rest_route=\/wp\/v2\/pages\/58","targetHints":{"allow":["GET"]}}],"collection":[{"href":"https:\/\/disfabia.luleonlus.it\/index.php?rest_route=\/wp\/v2\/pages"}],"about":[{"href":"https:\/\/disfabia.luleonlus.it\/index.php?rest_route=\/wp\/v2\/types\/page"}],"author":[{"embeddable":true,"href":"https:\/\/disfabia.luleonlus.it\/index.php?rest_route=\/wp\/v2\/users\/1"}],"replies":[{"embeddable":true,"href":"https:\/\/disfabia.luleonlus.it\/index.php?rest_route=%2Fwp%2Fv2%2Fcomments&post=58"}],"version-history":[{"count":0,"href":"https:\/\/disfabia.luleonlus.it\/index.php?rest_route=\/wp\/v2\/pages\/58\/revisions"}],"wp:attachment":[{"href":"https:\/\/disfabia.luleonlus.it\/index.php?rest_route=%2Fwp%2Fv2%2Fmedia&parent=58"}],"curies":[{"name":"wp","href":"https:\/\/api.w.org\/{rel}","templated":true}]}}