{"id":38,"date":"2018-05-10T13:29:05","date_gmt":"2018-05-10T13:29:05","guid":{"rendered":"https:\/\/www.fiabaedisfiaba.it\/?page_id=38"},"modified":"2018-05-10T13:29:05","modified_gmt":"2018-05-10T13:29:05","slug":"premio","status":"publish","type":"page","link":"https:\/\/disfabia.luleonlus.it\/?page_id=38","title":{"rendered":"La raccolta &#8220;Fiabe e DisFiabe&#8221;"},"content":{"rendered":"<p>Un progetto ambizioso; un concorso che ha dato libero sfogo alla creativit\u00e0 di pi\u00f9 di 250 concorrenti: scoprite\u00a0&#8220;<strong><span style=\"color: #0000ff;\">Fiabe<\/span> <span style=\"color: #db0b31;\">e<\/span> <span style=\"color: #339966;\">Dis<\/span><span style=\"color: #ff6600;\">Fiabe<\/span><\/strong>&#8220;, <em>la raccolta che racconta, in forma di fiaba, le sfida della disabilit\u00e0.<\/em><\/p>\n<p style=\"text-align: left;\"><span style=\"color: #ff6600;\">Scarica la versione <strong><a style=\"color: #ff6600;\" href=\"https:\/\/disfabia.luleonlus.it\/wp-content\/uploads\/2018\/11\/Anteprima-Fiabe-e-Disfiabe.pdf\" target=\"_blank\" rel=\"noopener\">PDF<\/a><\/strong> della raccolta\u00a0<\/span> \u00a0 \u00a0 \u00a0&#8211;\u00a0 \u00a0 \u00a0 \u00a0 \u00a0<span style=\"color: #008000;\">Sfoglia <a href=\"https:\/\/issuu.com\/luleonlus\/docs\/web_disfiabe1_160_hight\" target=\"_blank\" rel=\"noopener\"><strong>online<\/strong><\/a>\u00a0&#8220;Fiabe e DisFiabe&#8221; <\/span><\/p>\n<p style=\"text-align: left;\"><span style=\"color: #008000;\"><span style=\"color: #0000ff;\">Acquista su <a href=\"https:\/\/www.amazon.it\/s\/ref=nb_sb_noss?__mk_it_IT=%C3%85M%C3%85%C5%BD%C3%95%C3%91&amp;url=search-alias%3Daps&amp;field-keywords=fiabe+e+disfiabe\" target=\"_blank\" rel=\"noopener\"><strong>Amazon<\/strong><\/a> la tua copia<\/span>\u00a0 \u00a0 \u00a0 \u00a0 \u00a0 \u00a0 \u00a0 \u00a0&#8211;\u00a0 \u00a0 \u00a0 \u00a0 \u00a0 <span style=\"color: #db0b31;\">Scarica gratis <a href=\"https:\/\/www.amazon.it\/s\/ref=nb_sb_noss?__mk_it_IT=%C3%85M%C3%85%C5%BD%C3%95%C3%91&amp;url=search-alias%3Daps&amp;field-keywords=fiabe+e+disfiabe\" target=\"_blank\" rel=\"noopener\"><strong>ebook Kindle<\/strong><\/a><\/span><\/span><\/p>\n<p style=\"text-align: justify;\">Non \u00e8 stato facile realizzare questa antologia. Non perch\u00e8 il materiale fosse poco o di scarsa qualit\u00e0 ma per le ragioni esattamente contrarie! Siamo infatti contenti di ammettere che il nostro concorso ha avuto un inaspettato successo: sulle nostre scrivanie sono arrivate oltre 170 fiabe illustrate e possiamo vantare la partecipazione di pi\u00f9 di 250 tra autori e illustratrici\/tori, di cui 13 minorenni.<\/p>\n<p style=\"text-align: justify;\">Ma cosa si nasconde dietro la copertina e soprattutto nelle pagine che seguono la meravigliosa prefazione dell&#8217;amico Matteo Losa, autore del bestseller &#8220;Piccole Fiabe per grandi guerrieri&#8221;?<\/p>\n<p style=\"text-align: justify;\"><em>Fiabe e DisFiabe <\/em>raccoglie le 20 opere selezionate come finaliste del nostro concorso dalla giuria. Gli elaborati solo presentati in ordine casuale e accompagnati\u00a0 dalle relative illustrazioni.<\/p>\n<p style=\"text-align: justify;\">Il <strong>criterio che ha guidato i giurati<\/strong> nella selezione delle fiabe finaliste \u00e8 stato quello di privilegiare la qualit\u00e0 ed efficacia della componente testuale rispetto alle doti artistiche dell\u2019illustrazione: questo perch\u00e9 volevamo poter pubblicare un\u2019antologia di racconti che piantassero radici forti nel cuore dei lettori.<\/p>\n<p style=\"text-align: justify;\">La <strong>copertina<\/strong> della raccolta, realizzata da Martina Mangano, \u00e8 stata scelta, tra le venti illustrazioni finaliste, da una \u201cgiuria popolare\u201d che ha coinvolto le persone con disabilit\u00e0 utenti dei servizi gestiti dalla rete di enti attivi nel Castanese.<\/p>\n<p style=\"text-align: justify;\">Ma, come potrete ben vedere sfogliando l&#8217;anteprima del volume, la nostra raccolta non termina qui!<\/p>\n<p style=\"text-align: justify;\">La selezione \u00e8 arricchita da <strong>5 fiabe menzionate<\/strong>: abbiamo infatti chiesto a ognuno dei giurati di \u201cnominare\u201d un componimento meritevole di pubblicazione, al di l\u00e0 della fedele adesione agli elementi ed alla struttura tipici della fiaba. Le scelte sono state quindi dettate dal gusto del lettore, dalla originalit\u00e0 del racconto ma anche dalla capacit\u00e0 di descrivere con efficacia tematiche particolari (come l\u2019autismo in <em>I bambini negli angoli<\/em>) o dal fatto di rappresentare, di per s\u00e9 stesso, una sfida personale alla disabilit\u00e0 (come nel caso di D\u00e9sir\u00e9e Boco). A queste fiabe si accompagnano <strong>15 illustrazioni menzionate<\/strong> per l\u2019innegabile qualit\u00e0 artistica della proposta e<strong> 2 fiabe \u201cfuori concorso\u201d<\/strong>: i progetti di Alessandra Guerreschi e di Claudia Pace, pur non rispettando il regolamento, ci hanno colpito per originalit\u00e0 della proposta e contenuto, e abbiamo quindi deciso di pubblicarli, nonostante l\u2019inevitabile esclusione dal concorso.<\/p>\n<p style=\"text-align: justify;\">Da segnalare infine <em>Vi e il suo pezzettino<\/em> di Valentina Berra, <strong>miglior elaborato del concorso di fiabe promosso da <em>Cooperativa Lule <\/em>all\u2019interno delle scuole medie<\/strong> del territorio nell\u2019ambito del progetto \u201c<em>Un viaggio dentro la fiaba per incontrare eroi super-abili<\/em>\u201d finanziato da <em>Fondazione Ticino Olona<\/em>. Una fiaba illustrata, per l\u2019occasione, <em>da <\/em><strong><em>Francesca Tomaghelli, <\/em><\/strong><em>su layout di <\/em><strong><em>Bruno Testa, <\/em><\/strong><em>creatore anche del logo di <\/em><em>Fiaba e DisFiaba.<\/em><\/p>\n<p>Buona lettura!!<\/p>\n<p><img loading=\"lazy\" decoding=\"async\" class=\"aligncenter wp-image-405 size-large\" src=\"https:\/\/disfabia.luleonlus.it\/wp-content\/uploads\/2018\/11\/cover-raccolta-Fiabe-e-DisFiabe-689x1024.jpg\" alt=\"copertina del libro Fiabe e Disfiabe, raccolta di fiabe La raccolta che racconta in fiaba le sfida della disabilit\u00e0. Progetto Lule Onlus bando siae mibact\" width=\"525\" height=\"780\" srcset=\"https:\/\/disfabia.luleonlus.it\/wp-content\/uploads\/2018\/11\/cover-raccolta-Fiabe-e-DisFiabe-689x1024.jpg 689w, https:\/\/disfabia.luleonlus.it\/wp-content\/uploads\/2018\/11\/cover-raccolta-Fiabe-e-DisFiabe-202x300.jpg 202w, https:\/\/disfabia.luleonlus.it\/wp-content\/uploads\/2018\/11\/cover-raccolta-Fiabe-e-DisFiabe-768x1141.jpg 768w, https:\/\/disfabia.luleonlus.it\/wp-content\/uploads\/2018\/11\/cover-raccolta-Fiabe-e-DisFiabe-1034x1536.jpg 1034w, https:\/\/disfabia.luleonlus.it\/wp-content\/uploads\/2018\/11\/cover-raccolta-Fiabe-e-DisFiabe-1378x2048.jpg 1378w, https:\/\/disfabia.luleonlus.it\/wp-content\/uploads\/2018\/11\/cover-raccolta-Fiabe-e-DisFiabe-scaled.jpg 1723w\" sizes=\"auto, (max-width: 525px) 100vw, 525px\" \/><\/p>\n","protected":false},"excerpt":{"rendered":"<p>Un progetto ambizioso; un concorso che ha dato libero sfogo alla creativit\u00e0 di pi\u00f9 di 250 concorrenti: scoprite\u00a0&#8220;Fiabe e DisFiabe&#8220;, la raccolta che racconta, in forma di fiaba, le sfida della disabilit\u00e0. Scarica la versione PDF della raccolta\u00a0 \u00a0 \u00a0 \u00a0&#8211;\u00a0 \u00a0 \u00a0 \u00a0 \u00a0Sfoglia online\u00a0&#8220;Fiabe e DisFiabe&#8221; Acquista su Amazon la tua copia\u00a0 \u00a0 &hellip; <\/p>\n<p class=\"link-more\"><a href=\"https:\/\/disfabia.luleonlus.it\/?page_id=38\" class=\"more-link\">Continue reading<span class=\"screen-reader-text\"> &#8220;La raccolta &#8220;Fiabe e DisFiabe&#8221;&#8221;<\/span><\/a><\/p>\n","protected":false},"author":1,"featured_media":0,"parent":0,"menu_order":0,"comment_status":"closed","ping_status":"closed","template":"","meta":{"footnotes":""},"class_list":["post-38","page","type-page","status-publish","hentry"],"_links":{"self":[{"href":"https:\/\/disfabia.luleonlus.it\/index.php?rest_route=\/wp\/v2\/pages\/38","targetHints":{"allow":["GET"]}}],"collection":[{"href":"https:\/\/disfabia.luleonlus.it\/index.php?rest_route=\/wp\/v2\/pages"}],"about":[{"href":"https:\/\/disfabia.luleonlus.it\/index.php?rest_route=\/wp\/v2\/types\/page"}],"author":[{"embeddable":true,"href":"https:\/\/disfabia.luleonlus.it\/index.php?rest_route=\/wp\/v2\/users\/1"}],"replies":[{"embeddable":true,"href":"https:\/\/disfabia.luleonlus.it\/index.php?rest_route=%2Fwp%2Fv2%2Fcomments&post=38"}],"version-history":[{"count":0,"href":"https:\/\/disfabia.luleonlus.it\/index.php?rest_route=\/wp\/v2\/pages\/38\/revisions"}],"wp:attachment":[{"href":"https:\/\/disfabia.luleonlus.it\/index.php?rest_route=%2Fwp%2Fv2%2Fmedia&parent=38"}],"curies":[{"name":"wp","href":"https:\/\/api.w.org\/{rel}","templated":true}]}}